{"id":54,"date":"2024-11-21T18:48:23","date_gmt":"2024-11-21T15:48:23","guid":{"rendered":"https:\/\/z-biomedikal.com\/?page_id=54"},"modified":"2024-12-07T21:03:44","modified_gmt":"2024-12-07T18:03:44","slug":"haberler","status":"publish","type":"page","link":"https:\/\/z-biomedikal.com\/en\/haberler\/","title":{"rendered":"Haberler"},"content":{"rendered":"<div data-elementor-type=\"wp-page\" data-elementor-id=\"54\" class=\"elementor elementor-54\" data-elementor-post-type=\"page\">\n\t\t\t\t\t\t<section class=\"elementor-section elementor-top-section elementor-element elementor-element-7f520e35 elementor-section-boxed elementor-section-height-default elementor-section-height-default\" data-id=\"7f520e35\" data-element_type=\"section\">\n\t\t\t\t\t\t<div class=\"elementor-container elementor-column-gap-default\">\n\t\t\t\t\t<div class=\"elementor-column elementor-col-100 elementor-top-column elementor-element elementor-element-7f13bb19\" data-id=\"7f13bb19\" data-element_type=\"column\">\n\t\t\t<div class=\"elementor-widget-wrap elementor-element-populated\">\n\t\t\t\t\t\t<div class=\"elementor-element elementor-element-525578c8 elementor-widget elementor-widget-text-editor\" data-id=\"525578c8\" data-element_type=\"widget\" data-widget_type=\"text-editor.default\">\n\t\t\t\t<div class=\"elementor-widget-container\">\n\t\t\t\t\t\t\t<!-- wp:paragraph -->\n<p><\/p>\n<!-- \/wp:paragraph -->\n\n<!-- wp:paragraph -->\n<p><\/p>\n<!-- \/wp:paragraph -->\t\t\t\t\t\t<\/div>\n\t\t\t\t<\/div>\n\t\t\t\t\t<\/div>\n\t\t<\/div>\n\t\t\t\t\t<\/div>\n\t\t<\/section>\n\t\t\t\t<section class=\"elementor-section elementor-top-section elementor-element elementor-element-64a172c elementor-section-boxed elementor-section-height-default elementor-section-height-default\" data-id=\"64a172c\" data-element_type=\"section\" data-settings=\"{&quot;background_background&quot;:&quot;classic&quot;}\">\n\t\t\t\t\t\t<div class=\"elementor-container elementor-column-gap-default\">\n\t\t\t\t\t<div class=\"elementor-column elementor-col-100 elementor-top-column elementor-element elementor-element-bfef886\" data-id=\"bfef886\" data-element_type=\"column\">\n\t\t\t<div class=\"elementor-widget-wrap elementor-element-populated\">\n\t\t\t\t\t\t<div class=\"elementor-element elementor-element-fcbea44 elementor-widget elementor-widget-heading\" data-id=\"fcbea44\" data-element_type=\"widget\" data-widget_type=\"heading.default\">\n\t\t\t\t<div class=\"elementor-widget-container\">\n\t\t\t<h2 class=\"elementor-heading-title elementor-size-default\">Haberler<\/h2>\t\t<\/div>\n\t\t\t\t<\/div>\n\t\t\t\t<div class=\"elementor-element elementor-element-504b3a2 elementor-widget elementor-widget-heading\" data-id=\"504b3a2\" data-element_type=\"widget\" data-widget_type=\"heading.default\">\n\t\t\t\t<div class=\"elementor-widget-container\">\n\t\t\t<h2 class=\"elementor-heading-title elementor-size-default\">z-Biomedikal'den Duyurular<\/h2>\t\t<\/div>\n\t\t\t\t<\/div>\n\t\t\t\t\t<\/div>\n\t\t<\/div>\n\t\t\t\t\t<\/div>\n\t\t<\/section>\n\t\t\t\t<section class=\"elementor-section elementor-top-section elementor-element elementor-element-21405dc elementor-section-boxed elementor-section-height-default elementor-section-height-default\" data-id=\"21405dc\" data-element_type=\"section\" data-settings=\"{&quot;background_background&quot;:&quot;classic&quot;}\">\n\t\t\t\t\t\t\t<div class=\"elementor-background-overlay\"><\/div>\n\t\t\t\t\t\t\t<div class=\"elementor-container elementor-column-gap-default\">\n\t\t\t\t\t<div class=\"elementor-column elementor-col-100 elementor-top-column elementor-element elementor-element-29a15b5\" data-id=\"29a15b5\" data-element_type=\"column\">\n\t\t\t<div class=\"elementor-widget-wrap elementor-element-populated\">\n\t\t\t\t\t\t<div class=\"elementor-element elementor-element-131587d elementor-widget elementor-widget-heading\" data-id=\"131587d\" data-element_type=\"widget\" data-widget_type=\"heading.default\">\n\t\t\t\t<div class=\"elementor-widget-container\">\n\t\t\t<h2 class=\"elementor-heading-title elementor-size-default\">\u015eirketimizden Son Haberler<\/h2>\t\t<\/div>\n\t\t\t\t<\/div>\n\t\t\t\t<div class=\"elementor-element elementor-element-f483bb9 elementor-widget elementor-widget-text-editor\" data-id=\"f483bb9\" data-element_type=\"widget\" data-widget_type=\"text-editor.default\">\n\t\t\t\t<div class=\"elementor-widget-container\">\n\t\t\t\t\t\t\t<h6 class=\"vc_custom_heading vc_custom_1547324699484\">Farkl\u0131 Alanlara \u00d6zel \u00c7\u00f6z\u00fcmler Sunuyoruz<\/h6>\t\t\t\t\t\t<\/div>\n\t\t\t\t<\/div>\n\t\t\t\t<div class=\"elementor-element elementor-element-b69420a elementor-grid-3 elementor-grid-tablet-2 elementor-grid-mobile-1 elementor-posts--thumbnail-top elementor-widget elementor-widget-posts\" data-id=\"b69420a\" data-element_type=\"widget\" data-settings=\"{&quot;classic_columns&quot;:&quot;3&quot;,&quot;classic_columns_tablet&quot;:&quot;2&quot;,&quot;classic_columns_mobile&quot;:&quot;1&quot;,&quot;classic_row_gap&quot;:{&quot;unit&quot;:&quot;px&quot;,&quot;size&quot;:35,&quot;sizes&quot;:[]},&quot;classic_row_gap_tablet&quot;:{&quot;unit&quot;:&quot;px&quot;,&quot;size&quot;:&quot;&quot;,&quot;sizes&quot;:[]},&quot;classic_row_gap_mobile&quot;:{&quot;unit&quot;:&quot;px&quot;,&quot;size&quot;:&quot;&quot;,&quot;sizes&quot;:[]}}\" data-widget_type=\"posts.classic\">\n\t\t\t\t<div class=\"elementor-widget-container\">\n\t\t\t\t\t<div class=\"elementor-posts-container elementor-posts elementor-posts--skin-classic elementor-grid\">\n\t\t\t\t<article class=\"elementor-post elementor-grid-item post-998 post type-post status-publish format-standard has-post-thumbnail hentry category-haberler\">\n\t\t\t\t<a class=\"elementor-post__thumbnail__link\" href=\"https:\/\/z-biomedikal.com\/en\/z-biomedikale-hosgeldiniz-2-2\/\" tabindex=\"-1\" >\n\t\t\t<div class=\"elementor-post__thumbnail\"><img fetchpriority=\"high\" decoding=\"async\" width=\"300\" height=\"200\" src=\"https:\/\/z-biomedikal.com\/wp-content\/uploads\/2024\/12\/Gelli-Roll-OR-300x200.jpg\" class=\"attachment-medium size-medium wp-image-632\" alt=\"\" srcset=\"https:\/\/z-biomedikal.com\/wp-content\/uploads\/2024\/12\/Gelli-Roll-OR-300x200.jpg 300w, https:\/\/z-biomedikal.com\/wp-content\/uploads\/2024\/12\/Gelli-Roll-OR-18x12.jpg 18w, https:\/\/z-biomedikal.com\/wp-content\/uploads\/2024\/12\/Gelli-Roll-OR.jpg 640w\" sizes=\"(max-width: 300px) 100vw, 300px\" \/><\/div>\n\t\t<\/a>\n\t\t\t\t<div class=\"elementor-post__text\">\n\t\t\t\t<h3 class=\"elementor-post__title\">\n\t\t\t<a href=\"https:\/\/z-biomedikal.com\/en\/z-biomedikale-hosgeldiniz-2-2\/\" >\n\t\t\t\tGentherm CSZ Medical \u00dcr\u00fcnleri Ats B\u00fcnyesinde\t\t\t<\/a>\n\t\t<\/h3>\n\t\t\t\t<div class=\"elementor-post__meta-data\">\n\t\t\t\t\t<span class=\"elementor-post-date\">\n\t\t\t7 December 2024\t\t<\/span>\n\t\t\t\t<\/div>\n\t\t\t\t<div class=\"elementor-post__excerpt\">\n\t\t\t<p>Hedeflenen S\u0131cakl\u0131k Y\u00f6netimi (Targeted Temperature Management) \u00fcr\u00fcnlerinde d\u00fcnyan\u0131n 1 numaral\u0131 markas\u0131 olan\u00a0CSZ Medical\u00a0art\u0131k\u00a0Ats\u00a0Biomedikal\u00a0\u00a0b\u00fcnyesinde hizmetinizde.CSZ Medical,A\u00e7\u0131k Kalp Cerrahi Ameliyatlar\u0131nda Oxygenat\u00f6r heat exchanger ve hasta alt\u0131 blankete<\/p>\n\t\t<\/div>\n\t\t\n\t\t<a class=\"elementor-post__read-more\" href=\"https:\/\/z-biomedikal.com\/en\/z-biomedikale-hosgeldiniz-2-2\/\" aria-label=\"Read more about Gentherm CSZ Medical \u00dcr\u00fcnleri Ats B\u00fcnyesinde\" tabindex=\"-1\" >\n\t\t\tDuyuruyu \u0130nceleyin\u00bb\t\t<\/a>\n\n\t\t\t\t<\/div>\n\t\t\t\t<\/article>\n\t\t\t\t<article class=\"elementor-post elementor-grid-item post-991 post type-post status-publish format-standard has-post-thumbnail hentry category-haberler\">\n\t\t\t\t<a class=\"elementor-post__thumbnail__link\" href=\"https:\/\/z-biomedikal.com\/en\/z-biomedikale-hosgeldiniz-2\/\" tabindex=\"-1\" >\n\t\t\t<div class=\"elementor-post__thumbnail\"><img decoding=\"async\" width=\"300\" height=\"200\" src=\"https:\/\/z-biomedikal.com\/wp-content\/uploads\/2024\/12\/Logo_Mockup-300x200.jpg\" class=\"attachment-medium size-medium wp-image-811\" alt=\"\" srcset=\"https:\/\/z-biomedikal.com\/wp-content\/uploads\/2024\/12\/Logo_Mockup-300x200.jpg 300w, https:\/\/z-biomedikal.com\/wp-content\/uploads\/2024\/12\/Logo_Mockup-1024x683.jpg 1024w, https:\/\/z-biomedikal.com\/wp-content\/uploads\/2024\/12\/Logo_Mockup-768x512.jpg 768w, https:\/\/z-biomedikal.com\/wp-content\/uploads\/2024\/12\/Logo_Mockup-18x12.jpg 18w, https:\/\/z-biomedikal.com\/wp-content\/uploads\/2024\/12\/Logo_Mockup.jpg 1080w\" sizes=\"(max-width: 300px) 100vw, 300px\" \/><\/div>\n\t\t<\/a>\n\t\t\t\t<div class=\"elementor-post__text\">\n\t\t\t\t<h3 class=\"elementor-post__title\">\n\t\t\t<a href=\"https:\/\/z-biomedikal.com\/en\/z-biomedikale-hosgeldiniz-2\/\" >\n\t\t\t\tG\u00fcncel SUT\t\t\t<\/a>\n\t\t<\/h3>\n\t\t\t\t<div class=\"elementor-post__meta-data\">\n\t\t\t\t\t<span class=\"elementor-post-date\">\n\t\t\t7 December 2024\t\t<\/span>\n\t\t\t\t<\/div>\n\t\t\t\t<div class=\"elementor-post__excerpt\">\n\t\t\t<p>Yeni Sa\u011fl\u0131k Uygulama Tebli\u011fi (SUT) yay\u0131nland\u0131. De\u011fi\u015fiklikler i\u015flenmi\u015f SUT listesini a\u015fa\u011f\u0131daki linkten bulabilirsiniz. G\u00fcncel SUT Faaliyet Alanlar\u0131m\u0131z Farkl\u0131 Alanlara \u00d6zel \u00c7\u00f6z\u00fcmler Sunuyoruz Distr\u00fcb\u00fct\u00f6rl\u00fcklerimiz Da\u011f\u0131t\u0131m Yelpazemiz<\/p>\n\t\t<\/div>\n\t\t\n\t\t<a class=\"elementor-post__read-more\" href=\"https:\/\/z-biomedikal.com\/en\/z-biomedikale-hosgeldiniz-2\/\" aria-label=\"Read more about G\u00fcncel SUT\" tabindex=\"-1\" >\n\t\t\tDuyuruyu \u0130nceleyin\u00bb\t\t<\/a>\n\n\t\t\t\t<\/div>\n\t\t\t\t<\/article>\n\t\t\t\t<article class=\"elementor-post elementor-grid-item post-966 post type-post status-publish format-standard has-post-thumbnail hentry category-haberler\">\n\t\t\t\t<a class=\"elementor-post__thumbnail__link\" href=\"https:\/\/z-biomedikal.com\/en\/z-biomedikale-hosgeldiniz\/\" tabindex=\"-1\" >\n\t\t\t<div class=\"elementor-post__thumbnail\"><img decoding=\"async\" width=\"300\" height=\"200\" src=\"https:\/\/z-biomedikal.com\/wp-content\/uploads\/2024\/12\/Logo_Mockup-300x200.jpg\" class=\"attachment-medium size-medium wp-image-811\" alt=\"\" srcset=\"https:\/\/z-biomedikal.com\/wp-content\/uploads\/2024\/12\/Logo_Mockup-300x200.jpg 300w, https:\/\/z-biomedikal.com\/wp-content\/uploads\/2024\/12\/Logo_Mockup-1024x683.jpg 1024w, https:\/\/z-biomedikal.com\/wp-content\/uploads\/2024\/12\/Logo_Mockup-768x512.jpg 768w, https:\/\/z-biomedikal.com\/wp-content\/uploads\/2024\/12\/Logo_Mockup-18x12.jpg 18w, https:\/\/z-biomedikal.com\/wp-content\/uploads\/2024\/12\/Logo_Mockup.jpg 1080w\" sizes=\"(max-width: 300px) 100vw, 300px\" \/><\/div>\n\t\t<\/a>\n\t\t\t\t<div class=\"elementor-post__text\">\n\t\t\t\t<h3 class=\"elementor-post__title\">\n\t\t\t<a href=\"https:\/\/z-biomedikal.com\/en\/z-biomedikale-hosgeldiniz\/\" >\n\t\t\t\tZ Biomedikal&#8217;e Ho\u015fgeldiniz\t\t\t<\/a>\n\t\t<\/h3>\n\t\t\t\t<div class=\"elementor-post__meta-data\">\n\t\t\t\t\t<span class=\"elementor-post-date\">\n\t\t\t7 December 2024\t\t<\/span>\n\t\t\t\t<\/div>\n\t\t\t\t<div class=\"elementor-post__excerpt\">\n\t\t\t<p>Z-Biomedikal olarak, t\u0131bbi cihaz ve ekipman sekt\u00f6r\u00fcndeki faaliyetlerimizi daha eri\u015filebilir ve kapsaml\u0131 bir \u015fekilde sunmak amac\u0131yla yenilenmi\u015f web sitemizi hizmetinize sunduk! Yeni web sitemizle \u00fcr\u00fcnlerimize,<\/p>\n\t\t<\/div>\n\t\t\n\t\t<a class=\"elementor-post__read-more\" href=\"https:\/\/z-biomedikal.com\/en\/z-biomedikale-hosgeldiniz\/\" aria-label=\"Read more about Z Biomedikal&#8217;e Ho\u015fgeldiniz\" tabindex=\"-1\" >\n\t\t\tDuyuruyu \u0130nceleyin\u00bb\t\t<\/a>\n\n\t\t\t\t<\/div>\n\t\t\t\t<\/article>\n\t\t\t\t<\/div>\n\t\t\n\t\t\t\t<\/div>\n\t\t\t\t<\/div>\n\t\t\t\t\t<\/div>\n\t\t<\/div>\n\t\t\t\t\t<\/div>\n\t\t<\/section>\n\t\t\t\t<\/div>","protected":false},"excerpt":{"rendered":"<p>Haberler z-Biomedikal&#8217;den Duyurular \u015eirketimizden Son Haberler Farkl\u0131 Alanlara \u00d6zel \u00c7\u00f6z\u00fcmler Sunuyoruz<\/p>","protected":false},"author":1,"featured_media":0,"parent":0,"menu_order":0,"comment_status":"closed","ping_status":"closed","template":"","meta":{"footnotes":""},"class_list":["post-54","page","type-page","status-publish","hentry"],"_links":{"self":[{"href":"https:\/\/z-biomedikal.com\/en\/wp-json\/wp\/v2\/pages\/54","targetHints":{"allow":["GET"]}}],"collection":[{"href":"https:\/\/z-biomedikal.com\/en\/wp-json\/wp\/v2\/pages"}],"about":[{"href":"https:\/\/z-biomedikal.com\/en\/wp-json\/wp\/v2\/types\/page"}],"author":[{"embeddable":true,"href":"https:\/\/z-biomedikal.com\/en\/wp-json\/wp\/v2\/users\/1"}],"replies":[{"embeddable":true,"href":"https:\/\/z-biomedikal.com\/en\/wp-json\/wp\/v2\/comments?post=54"}],"version-history":[{"count":13,"href":"https:\/\/z-biomedikal.com\/en\/wp-json\/wp\/v2\/pages\/54\/revisions"}],"predecessor-version":[{"id":1005,"href":"https:\/\/z-biomedikal.com\/en\/wp-json\/wp\/v2\/pages\/54\/revisions\/1005"}],"wp:attachment":[{"href":"https:\/\/z-biomedikal.com\/en\/wp-json\/wp\/v2\/media?parent=54"}],"curies":[{"name":"wp","href":"https:\/\/api.w.org\/{rel}","templated":true}]}}